{"id":645,"date":"2025-04-06T20:02:49","date_gmt":"2025-04-07T02:02:49","guid":{"rendered":"https:\/\/itdelpacifico.edu.mx\/?page_id=645"},"modified":"2025-04-06T21:02:42","modified_gmt":"2025-04-07T03:02:42","slug":"645-2","status":"publish","type":"page","link":"https:\/\/itdelpacifico.edu.mx\/index.php\/645-2\/","title":{"rendered":"Especializaci\u00f3n en producci\u00f3n audiovisual  sustentable"},"content":{"rendered":"<p>[et_pb_section fb_built=&#8221;1&#8243; _builder_version=&#8221;4.27.4&#8243; _module_preset=&#8221;default&#8221; global_colors_info=&#8221;{}&#8221;][et_pb_row _builder_version=&#8221;4.27.4&#8243; _module_preset=&#8221;default&#8221; animation_style=&#8221;zoom&#8221; global_colors_info=&#8221;{}&#8221;][et_pb_column type=&#8221;4_4&#8243; _builder_version=&#8221;4.27.4&#8243; _module_preset=&#8221;default&#8221; global_colors_info=&#8221;{}&#8221;][et_pb_heading title=&#8221;ESPECIALIZACI\u00d3N EN PRODUCCI\u00d3N AUDIOVISUAL  SUSTENTABLE &#8221; _builder_version=&#8221;4.27.4&#8243; _module_preset=&#8221;default&#8221; title_text_align=&#8221;center&#8221; global_colors_info=&#8221;{}&#8221;][\/et_pb_heading][et_pb_image src=&#8221;https:\/\/itdelpacifico.edu.mx\/wp-content\/uploads\/2025\/04\/cine2.png&#8221; title_text=&#8221;cine2&#8243; _builder_version=&#8221;4.27.4&#8243; _module_preset=&#8221;default&#8221; global_colors_info=&#8221;{}&#8221;][\/et_pb_image][\/et_pb_column][\/et_pb_row][et_pb_row _builder_version=&#8221;4.27.4&#8243; _module_preset=&#8221;default&#8221; column_structure=&#8221;1_2,1_2&#8243;][et_pb_column _builder_version=&#8221;4.27.4&#8243; _module_preset=&#8221;default&#8221; type=&#8221;1_2&#8243;][et_pb_image src=&#8221;https:\/\/itdelpacifico.edu.mx\/wp-content\/uploads\/2025\/04\/PHOTO-2025-04-02-13-42-57.jpg&#8221; _builder_version=&#8221;4.27.4&#8243; _module_preset=&#8221;default&#8221; title_text=&#8221;PHOTO-2025-04-02-13-42-57&#8243; hover_enabled=&#8221;0&#8243; sticky_enabled=&#8221;0&#8243;][\/et_pb_image][\/et_pb_column][et_pb_column _builder_version=&#8221;4.27.4&#8243; _module_preset=&#8221;default&#8221; type=&#8221;1_2&#8243;][et_pb_text _builder_version=&#8221;4.27.4&#8243; _module_preset=&#8221;default&#8221; hover_enabled=&#8221;0&#8243; sticky_enabled=&#8221;0&#8243;]<\/p>\n<p><strong>PLAN DE ESTUDIOS<\/strong> <br \/>Duraci\u00f3n Total: 120 horas (20 semanas, 5 meses) <br \/>Frecuencia: 2 clases por semana de 3 horas cada una. <br \/>Modalidad: Online<\/p>\n<p>[\/et_pb_text][\/et_pb_column][\/et_pb_row][et_pb_row _builder_version=&#8221;4.27.4&#8243; _module_preset=&#8221;default&#8221; animation_style=&#8221;slide&#8221; global_colors_info=&#8221;{}&#8221;][et_pb_column type=&#8221;4_4&#8243; _builder_version=&#8221;4.27.4&#8243; _module_preset=&#8221;default&#8221; global_colors_info=&#8221;{}&#8221;][et_pb_text _builder_version=&#8221;4.27.4&#8243; _module_preset=&#8221;default&#8221; global_colors_info=&#8221;{}&#8221;]<\/p>\n<p><strong>\u00bfPOR QU\u00c9 ESTE DIPLOMADO?<\/strong><br \/>En un mundo donde la conciencia ambiental crece cada d\u00eda, la producci\u00f3n audiovisual sustentable no es solo una tendencia, es el futuro de la industria. Las audiencias, los inversionistas y los propios creadores demandan pr\u00e1cticas responsables con el planeta. Este diplomado no es un curso m\u00e1s, es una inversi\u00f3n<br \/>en tu futuro como productor, una oportunidad para liderar el cambio y diferenciarte en un mercado cada vez m\u00e1s competitivo.<\/p>\n<p><strong>TE OFRECEMOS:<\/strong><br \/>\u2022 EL CAMINO DIRECTOA LA PRODUCCI\u00d3N SUSTENTABLE: Olv\u00eddate de la teor\u00eda vac\u00eda. Te brindamos herramientas pr\u00e1cticas y estrategias probadas para que puedas implementar la sustentabilidad en tus proyectos desde hoy mismo.<br \/>\u2022 MAESTR\u00cdA EN LA PRACTICA: Aprender\u00e1s haciendo, analizando casos reales, desarrollando planes de producci\u00f3n sustentable e interactuando con profesionales que ya est\u00e1n aplicando estas pr\u00e1cticas.<br \/>\u2022 MENTORES EXPERTOS: No solo profesores, sino profesionales con amplia experiencia en producci\u00f3n sustentable, que te guiar\u00e1n y compartir\u00e1n sus conocimientos de primera mano.<br \/>\u2022 UNA COMUNIDAD DE LIDERES: Con\u00e9ctate con otros productores<br \/>comprometidos con la sustentabilidad, comparte ideas, experiencias y crea una red de contactos que te impulse en tu carrera.<br \/>\u2022 UN PLAN DE PRODUCCI\u00d3N SUSTENTABLE LISTO PARA IMPLEMENTAR: Al finalizar, tendr\u00e1s un plan de producci\u00f3n completo, adaptado a tus necesidades y listo para ser aplicado en tu pr\u00f3ximo proyecto.<br \/>\u2022 EL AVAL DE UNA INSTITUCI\u00d3N EDUCATIVA: Tu diploma estar\u00e1 respaldado por el Instituto Tecnol\u00f3gico del Pac\u00edfico, una instituci\u00f3n con reconocimiento oficial.<br \/>\u2022 FLEXIBILIDAD REAL PARA TU VIDA: Estudia desde donde quieras, sin sacrificar la calidad de la formaci\u00f3n ni la interacci\u00f3n con tus mentores y compa\u00f1eros.<\/p>\n<p>[\/et_pb_text][et_pb_cta title=&#8221;OBJETIVO GENERAL&#8221; button_text=&#8221;Click Here&#8221; _builder_version=&#8221;4.27.4&#8243; _module_preset=&#8221;default&#8221; animation_style=&#8221;fade&#8221; global_colors_info=&#8221;{}&#8221;]<\/p>\n<p style=\"text-align: left;\">Capacitar a cineastas, productores y profesionales del audiovisual en la implementaci\u00f3n de estrategias sustentables en todas las fases de la producci\u00f3n cinematogr\u00e1fica, permiti\u00e9ndoles reducir su impacto ambiental sin comprometer la calidad de sus proyectos. En un mundo donde el cine y los medios audiovisuales moldean la conciencia colectiva, la producci\u00f3n sustentable ya no es opcional, es imprescindible. Este diplomado busca formar profesionales capaces de integrar la sostenibilidad en cada etapa del proceso creativo y t\u00e9cnico, aplicando soluciones innovadoras que minimicen el impacto ambiental sin afectar la narrativa ni la calidad art\u00edstica. M\u00e1s que una formaci\u00f3n acad\u00e9mica, es una oportunidad para convertirte en un l\u00edder del cambio, optimizando recursos, reduciendo la huella de carbono y desarrollando producciones responsables que marquen la diferencia en la industria audiovisual del futuro.<\/p>\n<p>[\/et_pb_cta][\/et_pb_column][\/et_pb_row][\/et_pb_section]<\/p>\n","protected":false},"excerpt":{"rendered":"<p>PLAN DE ESTUDIOS Duraci\u00f3n Total: 120 horas (20 semanas, 5 meses) Frecuencia: 2 clases por semana de 3 horas cada una. Modalidad: Online\u00bfPOR QU\u00c9 ESTE DIPLOMADO?En un mundo donde la conciencia ambiental crece cada d\u00eda, la producci\u00f3n audiovisual sustentable no es solo una tendencia, es el futuro de la industria. Las audiencias, los inversionistas y [&hellip;]<\/p>\n","protected":false},"author":3,"featured_media":0,"parent":0,"menu_order":0,"comment_status":"closed","ping_status":"closed","template":"","meta":{"_et_pb_use_builder":"on","_et_pb_old_content":"","_et_gb_content_width":"","om_disable_all_campaigns":false,"_uf_show_specific_survey":0,"_uf_disable_surveys":false,"footnotes":""},"class_list":["post-645","page","type-page","status-publish","hentry"],"aioseo_notices":[],"_links":{"self":[{"href":"https:\/\/itdelpacifico.edu.mx\/index.php\/wp-json\/wp\/v2\/pages\/645","targetHints":{"allow":["GET"]}}],"collection":[{"href":"https:\/\/itdelpacifico.edu.mx\/index.php\/wp-json\/wp\/v2\/pages"}],"about":[{"href":"https:\/\/itdelpacifico.edu.mx\/index.php\/wp-json\/wp\/v2\/types\/page"}],"author":[{"embeddable":true,"href":"https:\/\/itdelpacifico.edu.mx\/index.php\/wp-json\/wp\/v2\/users\/3"}],"replies":[{"embeddable":true,"href":"https:\/\/itdelpacifico.edu.mx\/index.php\/wp-json\/wp\/v2\/comments?post=645"}],"version-history":[{"count":11,"href":"https:\/\/itdelpacifico.edu.mx\/index.php\/wp-json\/wp\/v2\/pages\/645\/revisions"}],"predecessor-version":[{"id":677,"href":"https:\/\/itdelpacifico.edu.mx\/index.php\/wp-json\/wp\/v2\/pages\/645\/revisions\/677"}],"wp:attachment":[{"href":"https:\/\/itdelpacifico.edu.mx\/index.php\/wp-json\/wp\/v2\/media?parent=645"}],"curies":[{"name":"wp","href":"https:\/\/api.w.org\/{rel}","templated":true}]}}